{"id":6698,"date":"2018-08-03T08:44:05","date_gmt":"2018-08-03T08:44:05","guid":{"rendered":"http:\/\/labtechco.themestek.com\/?page_id=6698"},"modified":"2022-10-26T10:21:17","modified_gmt":"2022-10-26T10:21:17","slug":"projets","status":"publish","type":"page","link":"https:\/\/caritasrwanda.org\/fr\/projets\/","title":{"rendered":"Projets"},"content":{"rendered":"<p>[vc_row themestek_bgcolor=&#8221;white&#8221; full_width=&#8221;stretch_row&#8221;][vc_column]<div class=\"themestek-boxes themestek-boxes-service themestek-boxes-view-default themestek-boxes-service-style-2 themestek-boxes-col-three themestek-boxes-sortable-no themestek-boxes-textalign-center themestek-boxes-sortablebutton- themestek-heading-position-\" data-themestek-headingpos=\"\" >\n\t\t<div class=\"themestek-boxes-inner themestek-boxes-service-inner \">\n\t\t\t\n\t\t\t<div class=\"row multi-columns-row themestek-boxes-row-wrapper\">\n\t\t\t\t<div class=\"themestek-box-col-wrapper col-lg-4 col-sm-6 col-md-4 col-xs-12 \"><article class=\"themestek-box themestek-box-service themestek-servicebox-style-2\">\n\t<div class=\"themestek-post-item\">\n\t\t\n\t\t<span class=\"themestek-item-thumbnail\">\n\t\t\t<span class=\"themestek-item-thumbnail-inner\">\n\t\t\t\t<img loading=\"lazy\" decoding=\"async\" width=\"800\" height=\"533\" src=\"https:\/\/caritasrwanda.org\/fr\/wp-content\/uploads\/2025\/03\/162A5107-800x533.jpg\" class=\"attachment-themestek-img-800x533 size-themestek-img-800x533 wp-post-image\" alt=\"\" data-id=\"15379\" \/>\n\t\t\t<\/span>\n\t\t<\/span>\t\t<div class=\"themestek-box-content\">\n            <div class=\"themestek-box-content-inner\">\n\t\t\t\t\t<div class=\"ts-ihbox-icon\">\n\t\t\t\t\t\t<i class=\"fa fa-map-marker\"><\/i>\t\t\t\t\t<\/div>\n\t\t\t\t <div class=\"themestek-des\">\n\t\t\t\t\t<h3><a href=\"https:\/\/caritasrwanda.org\/fr\/visa\/projet-ecd\/\">PROJET ECD<\/a><\/h3>\n\t\t\t\t\t\t\t\t\t\t<div class=\"themestek-service-content\"><p>Gr\u00e2ce au soutien et au financement du Plan International Rwanda, Caritas Rwanda mets en \u0153uvre un Projet de D\u00e9veloppement de la Petite Enfance dans les districts de Bugesera, Gatsibo et Nyaruguru depuis octobre 2022 \u00e0 juin 2025.<\/p>\n<\/div>\n\t\t\t\t\t\t\n\t\t\t\t\t<div class=\"themestek-box-link themestek-vc_btn3\">\n\t\t\t\t\t\t<a class=\"themestek-vc_general themestek-vc_btn3 themestek-vc_btn3-size-md themestek-vc_btn3-shape-rounded themestek-vc_btn3-style-outline themestek-vc_btn3-weight-no themestek-vc_btn3-color-black\" href=\"https:\/\/caritasrwanda.org\/fr\/visa\/projet-ecd\/\"><span>Lire la suite<\/span><\/a>\n\t\t\t\t\t<\/div>\n\t\t\t\t<\/div>\n\t\t\t<\/div>\t\t\n\t\t<\/div>\n\t<\/div>\n<\/article><\/div><div class=\"themestek-box-col-wrapper col-lg-4 col-sm-6 col-md-4 col-xs-12 \"><article class=\"themestek-box themestek-box-service themestek-servicebox-style-2\">\n\t<div class=\"themestek-post-item\">\n\t\t\n\t\t<span class=\"themestek-item-thumbnail\">\n\t\t\t<span class=\"themestek-item-thumbnail-inner\">\n\t\t\t\t<img loading=\"lazy\" decoding=\"async\" width=\"800\" height=\"533\" src=\"https:\/\/caritasrwanda.org\/fr\/wp-content\/uploads\/2025\/03\/162A9519-A-800x533.jpg\" class=\"attachment-themestek-img-800x533 size-themestek-img-800x533 wp-post-image\" alt=\"\" data-id=\"15376\" \/>\n\t\t\t<\/span>\n\t\t<\/span>\t\t<div class=\"themestek-box-content\">\n            <div class=\"themestek-box-content-inner\">\n\t\t\t\t\t<div class=\"ts-ihbox-icon\">\n\t\t\t\t\t\t<i class=\"fa fa-map-marker\"><\/i>\t\t\t\t\t<\/div>\n\t\t\t\t <div class=\"themestek-des\">\n\t\t\t\t\t<h3><a href=\"https:\/\/caritasrwanda.org\/fr\/visa\/programme-dencadrement-economique-et-social-des-jeunes-vulnerables-des-dioceses-de-cyangugu-et-de-gikongoro-pees-2023-2026\/\">PROGRAMME D\u2019ENCADREMENT ECONOMIQUE ET SOCIAL DES JEUNES VULNERABLES DES DIOCESES DE CYANGUGU ET DE GIKONGORO (PEES) 2023-2026<\/a><\/h3>\n\t\t\t\t\t\t\t\t\t\t<div class=\"themestek-service-content\"><p>PEES, est un programme financ\u00e9 par le Secours Catholique\/Caritas France, qui a pour objectif d\u2019am\u00e9liorer les conditions de vie des jeunes vuln\u00e9rables des 19 paroisses du dioc\u00e8se de Gikongoro et 21 paroisses du dioc\u00e8se de Cyangugu.<\/p>\n<\/div>\n\t\t\t\t\t\t\n\t\t\t\t\t<div class=\"themestek-box-link themestek-vc_btn3\">\n\t\t\t\t\t\t<a class=\"themestek-vc_general themestek-vc_btn3 themestek-vc_btn3-size-md themestek-vc_btn3-shape-rounded themestek-vc_btn3-style-outline themestek-vc_btn3-weight-no themestek-vc_btn3-color-black\" href=\"https:\/\/caritasrwanda.org\/fr\/visa\/programme-dencadrement-economique-et-social-des-jeunes-vulnerables-des-dioceses-de-cyangugu-et-de-gikongoro-pees-2023-2026\/\"><span>Lire la suite<\/span><\/a>\n\t\t\t\t\t<\/div>\n\t\t\t\t<\/div>\n\t\t\t<\/div>\t\t\n\t\t<\/div>\n\t<\/div>\n<\/article><\/div><div class=\"themestek-box-col-wrapper col-lg-4 col-sm-6 col-md-4 col-xs-12 \"><article class=\"themestek-box themestek-box-service themestek-servicebox-style-2\">\n\t<div class=\"themestek-post-item\">\n\t\t\n\t\t<span class=\"themestek-item-thumbnail\">\n\t\t\t<span class=\"themestek-item-thumbnail-inner\">\n\t\t\t\t<img loading=\"lazy\" decoding=\"async\" width=\"800\" height=\"533\" src=\"https:\/\/caritasrwanda.org\/fr\/wp-content\/uploads\/2024\/08\/WhatsApp-Image-2024-03-07-at-12.16.01-800x533.jpeg\" class=\"attachment-themestek-img-800x533 size-themestek-img-800x533 wp-post-image\" alt=\"\" data-id=\"15206\" \/>\n\t\t\t<\/span>\n\t\t<\/span>\t\t<div class=\"themestek-box-content\">\n            <div class=\"themestek-box-content-inner\">\n\t\t\t\t\t<div class=\"ts-ihbox-icon\">\n\t\t\t\t\t\t<i class=\"fa fa-map-marker\"><\/i>\t\t\t\t\t<\/div>\n\t\t\t\t <div class=\"themestek-des\">\n\t\t\t\t\t<h3><a href=\"https:\/\/caritasrwanda.org\/fr\/visa\/le-projet-gera-ku-ntego-gkn\/\">Le Projet Gera Ku Ntego (GKN)<\/a><\/h3>\n\t\t\t\t\t\t\t\t\t\t<div class=\"themestek-service-content\"><p>Le projet pour les jeunes Gera Ku Ntego (GKN) est un projet initi\u00e9 par le CRS visant \u00e0 renforcer une voie durable pour mettre \u00e0 l&#8217;\u00e9chelle des approches pour les jeunes qui r\u00e9pondent aux besoins, aux opportunit\u00e9s et aux priorit\u00e9s au Rwanda.<\/p>\n<\/div>\n\t\t\t\t\t\t\n\t\t\t\t\t<div class=\"themestek-box-link themestek-vc_btn3\">\n\t\t\t\t\t\t<a class=\"themestek-vc_general themestek-vc_btn3 themestek-vc_btn3-size-md themestek-vc_btn3-shape-rounded themestek-vc_btn3-style-outline themestek-vc_btn3-weight-no themestek-vc_btn3-color-black\" href=\"https:\/\/caritasrwanda.org\/fr\/visa\/le-projet-gera-ku-ntego-gkn\/\"><span>Lire la suite<\/span><\/a>\n\t\t\t\t\t<\/div>\n\t\t\t\t<\/div>\n\t\t\t<\/div>\t\t\n\t\t<\/div>\n\t<\/div>\n<\/article><\/div><div class=\"themestek-box-col-wrapper col-lg-4 col-sm-6 col-md-4 col-xs-12 \"><article class=\"themestek-box themestek-box-service themestek-servicebox-style-2\">\n\t<div class=\"themestek-post-item\">\n\t\t\n\t\t<span class=\"themestek-item-thumbnail\">\n\t\t\t<span class=\"themestek-item-thumbnail-inner\">\n\t\t\t\t<img loading=\"lazy\" decoding=\"async\" width=\"800\" height=\"533\" src=\"https:\/\/caritasrwanda.org\/fr\/wp-content\/uploads\/2022\/10\/WhatsApp-Image-2024-07-05-at-13.09.35-11-800x533.jpeg\" class=\"attachment-themestek-img-800x533 size-themestek-img-800x533 wp-post-image\" alt=\"\" data-id=\"15179\" \/>\n\t\t\t<\/span>\n\t\t<\/span>\t\t<div class=\"themestek-box-content\">\n            <div class=\"themestek-box-content-inner\">\n\t\t\t\t\t<div class=\"ts-ihbox-icon\">\n\t\t\t\t\t\t<i class=\"fa fa-map-marker\"><\/i>\t\t\t\t\t<\/div>\n\t\t\t\t <div class=\"themestek-des\">\n\t\t\t\t\t<h3><a href=\"https:\/\/caritasrwanda.org\/fr\/visa\/projet-tube-aheza-amazi-hafi\/\">PROJET TUBEHO NEZA AHEZA<\/a><\/h3>\n\t\t\t\t\t\t\t\t\t\t<div class=\"themestek-service-content\"><p>Avec le soutien conjoint du minist\u00e8re des Affaires \u00e9trang\u00e8res de la R\u00e9publique de Slov\u00e9nie et de Caritas Slov\u00e9nie, Caritas Rwanda et<\/p>\n<\/div>\n\t\t\t\t\t\t\n\t\t\t\t\t<div class=\"themestek-box-link themestek-vc_btn3\">\n\t\t\t\t\t\t<a class=\"themestek-vc_general themestek-vc_btn3 themestek-vc_btn3-size-md themestek-vc_btn3-shape-rounded themestek-vc_btn3-style-outline themestek-vc_btn3-weight-no themestek-vc_btn3-color-black\" href=\"https:\/\/caritasrwanda.org\/fr\/visa\/projet-tube-aheza-amazi-hafi\/\"><span>Lire la suite<\/span><\/a>\n\t\t\t\t\t<\/div>\n\t\t\t\t<\/div>\n\t\t\t<\/div>\t\t\n\t\t<\/div>\n\t<\/div>\n<\/article><\/div><div class=\"themestek-box-col-wrapper col-lg-4 col-sm-6 col-md-4 col-xs-12 \"><article class=\"themestek-box themestek-box-service themestek-servicebox-style-2\">\n\t<div class=\"themestek-post-item\">\n\t\t\n\t\t<span class=\"themestek-item-thumbnail\">\n\t\t\t<span class=\"themestek-item-thumbnail-inner\">\n\t\t\t\t<img loading=\"lazy\" decoding=\"async\" width=\"800\" height=\"533\" src=\"https:\/\/caritasrwanda.org\/fr\/wp-content\/uploads\/2022\/10\/162A8438-A-800x533.jpg\" class=\"attachment-themestek-img-800x533 size-themestek-img-800x533 wp-post-image\" alt=\"\" data-id=\"14670\" \/>\n\t\t\t<\/span>\n\t\t<\/span>\t\t<div class=\"themestek-box-content\">\n            <div class=\"themestek-box-content-inner\">\n\t\t\t\t\t<div class=\"ts-ihbox-icon\">\n\t\t\t\t\t\t<i class=\"fa fa-map-marker\"><\/i>\t\t\t\t\t<\/div>\n\t\t\t\t <div class=\"themestek-des\">\n\t\t\t\t\t<h3><a href=\"https:\/\/caritasrwanda.org\/fr\/visa\/projet-osc\/\">PROJET OSC<\/a><\/h3>\n\t\t\t\t\t\t\t\t\t\t<div class=\"themestek-service-content\"><p>Le d\u00e9partement des \u0153uvres socio caritatives nait avec la Caritas, car il est m\u00eame la raison d\u2019\u00eatre de celle-ci. Il est venu comme une r\u00e9ponse \u00e0 des mis\u00e8res des ann\u00e9es 1959 au Rwanda.<\/p>\n<\/div>\n\t\t\t\t\t\t\n\t\t\t\t\t<div class=\"themestek-box-link themestek-vc_btn3\">\n\t\t\t\t\t\t<a class=\"themestek-vc_general themestek-vc_btn3 themestek-vc_btn3-size-md themestek-vc_btn3-shape-rounded themestek-vc_btn3-style-outline themestek-vc_btn3-weight-no themestek-vc_btn3-color-black\" href=\"https:\/\/caritasrwanda.org\/fr\/visa\/projet-osc\/\"><span>Lire la suite<\/span><\/a>\n\t\t\t\t\t<\/div>\n\t\t\t\t<\/div>\n\t\t\t<\/div>\t\t\n\t\t<\/div>\n\t<\/div>\n<\/article><\/div><div class=\"themestek-box-col-wrapper col-lg-4 col-sm-6 col-md-4 col-xs-12 \"><article class=\"themestek-box themestek-box-service themestek-servicebox-style-2\">\n\t<div class=\"themestek-post-item\">\n\t\t\n\t\t<span class=\"themestek-item-thumbnail\">\n\t\t\t<span class=\"themestek-item-thumbnail-inner\">\n\t\t\t\t<img loading=\"lazy\" decoding=\"async\" width=\"800\" height=\"533\" src=\"https:\/\/caritasrwanda.org\/fr\/wp-content\/uploads\/2022\/10\/162A4327-A-800x533.jpg\" class=\"attachment-themestek-img-800x533 size-themestek-img-800x533 wp-post-image\" alt=\"\" data-id=\"14671\" \/>\n\t\t\t<\/span>\n\t\t<\/span>\t\t<div class=\"themestek-box-content\">\n            <div class=\"themestek-box-content-inner\">\n\t\t\t\t\t<div class=\"ts-ihbox-icon\">\n\t\t\t\t\t\t<i class=\"fa fa-map-marker\"><\/i>\t\t\t\t\t<\/div>\n\t\t\t\t <div class=\"themestek-des\">\n\t\t\t\t\t<h3><a href=\"https:\/\/caritasrwanda.org\/fr\/visa\/gikuriro-kuri-bose\/\">GIKURIRO KURI BOSE<\/a><\/h3>\n\t\t\t\t\t\t\t\t\t\t<div class=\"themestek-service-content\"><p>Le Programme de Nutrition Inclusive et de l\u2019Enfance (Gikuriro Kuri Bose) est un programme de 5 ans financ\u00e9 par l&#8217;USAID (2021-2026)<\/p>\n<\/div>\n\t\t\t\t\t\t\n\t\t\t\t\t<div class=\"themestek-box-link themestek-vc_btn3\">\n\t\t\t\t\t\t<a class=\"themestek-vc_general themestek-vc_btn3 themestek-vc_btn3-size-md themestek-vc_btn3-shape-rounded themestek-vc_btn3-style-outline themestek-vc_btn3-weight-no themestek-vc_btn3-color-black\" href=\"https:\/\/caritasrwanda.org\/fr\/visa\/gikuriro-kuri-bose\/\"><span>Lire la suite<\/span><\/a>\n\t\t\t\t\t<\/div>\n\t\t\t\t<\/div>\n\t\t\t<\/div>\t\t\n\t\t<\/div>\n\t<\/div>\n<\/article><\/div><div class=\"themestek-box-col-wrapper col-lg-4 col-sm-6 col-md-4 col-xs-12 \"><article class=\"themestek-box themestek-box-service themestek-servicebox-style-2\">\n\t<div class=\"themestek-post-item\">\n\t\t\n\t\t<span class=\"themestek-item-thumbnail\">\n\t\t\t<span class=\"themestek-item-thumbnail-inner\">\n\t\t\t\t<img loading=\"lazy\" decoding=\"async\" width=\"800\" height=\"533\" src=\"https:\/\/caritasrwanda.org\/fr\/wp-content\/uploads\/2022\/08\/1-800x533.jpg\" class=\"attachment-themestek-img-800x533 size-themestek-img-800x533 wp-post-image\" alt=\"\" data-id=\"14598\" \/>\n\t\t\t<\/span>\n\t\t<\/span>\t\t<div class=\"themestek-box-content\">\n            <div class=\"themestek-box-content-inner\">\n\t\t\t\t\t<div class=\"ts-ihbox-icon\">\n\t\t\t\t\t\t<i class=\"fa fa-map-marker\"><\/i>\t\t\t\t\t<\/div>\n\t\t\t\t <div class=\"themestek-des\">\n\t\t\t\t\t<h3><a href=\"https:\/\/caritasrwanda.org\/fr\/visa\/projet-graduation\/\">PROJET \u00ab\u00a0GRADUATION\u00a0\u00bb<\/a><\/h3>\n\t\t\t\t\t\t\t\t\t\t<div class=\"themestek-service-content\"><p>Ce projet intitul\u00e9 &#8220;Projet de Graduation\u00a0: Voies vers l&#8217;inclusion \u00e9conomique et l&#8217;autosuffisance des r\u00e9fugi\u00e9s et de leurs communaut\u00e9s d&#8217;accueil au RWANDA&#8221;<\/p>\n<\/div>\n\t\t\t\t\t\t\n\t\t\t\t\t<div class=\"themestek-box-link themestek-vc_btn3\">\n\t\t\t\t\t\t<a class=\"themestek-vc_general themestek-vc_btn3 themestek-vc_btn3-size-md themestek-vc_btn3-shape-rounded themestek-vc_btn3-style-outline themestek-vc_btn3-weight-no themestek-vc_btn3-color-black\" href=\"https:\/\/caritasrwanda.org\/fr\/visa\/projet-graduation\/\"><span>Lire la suite<\/span><\/a>\n\t\t\t\t\t<\/div>\n\t\t\t\t<\/div>\n\t\t\t<\/div>\t\t\n\t\t<\/div>\n\t<\/div>\n<\/article><\/div><div class=\"themestek-box-col-wrapper col-lg-4 col-sm-6 col-md-4 col-xs-12 \"><article class=\"themestek-box themestek-box-service themestek-servicebox-style-2\">\n\t<div class=\"themestek-post-item\">\n\t\t\n\t\t<span class=\"themestek-item-thumbnail\">\n\t\t\t<span class=\"themestek-item-thumbnail-inner\">\n\t\t\t\t<img loading=\"lazy\" decoding=\"async\" width=\"800\" height=\"533\" src=\"https:\/\/caritasrwanda.org\/fr\/wp-content\/uploads\/2022\/08\/162A8639-800x533.jpg\" class=\"attachment-themestek-img-800x533 size-themestek-img-800x533 wp-post-image\" alt=\"\" data-id=\"15533\" \/>\n\t\t\t<\/span>\n\t\t<\/span>\t\t<div class=\"themestek-box-content\">\n            <div class=\"themestek-box-content-inner\">\n\t\t\t\t\t<div class=\"ts-ihbox-icon\">\n\t\t\t\t\t\t<i class=\"fa fa-map-marker\"><\/i>\t\t\t\t\t<\/div>\n\t\t\t\t <div class=\"themestek-des\">\n\t\t\t\t\t<h3><a href=\"https:\/\/caritasrwanda.org\/fr\/visa\/projet-igire-gimbuka\/\">PROGRAMME IGIRE-GIMBUKA<\/a><\/h3>\n\t\t\t\t\t\t\t\t\t\t<div class=\"themestek-service-content\"><p>\u00ab\u00a0IGIRE-GIMBUKA\u00a0\u00bb ou \u00ab\u00a0Soyez r\u00e9silient, soyez autonome\u00a0\u00bb, est un programme OVC (Enfant orphelins ou rendus plus vuln\u00e9rables \u00e0 cause du VIH\/SIDA) de cinq ans qui vise \u00e0 atteindre 80 000 OVC<\/p>\n<\/div>\n\t\t\t\t\t\t\n\t\t\t\t\t<div class=\"themestek-box-link themestek-vc_btn3\">\n\t\t\t\t\t\t<a class=\"themestek-vc_general themestek-vc_btn3 themestek-vc_btn3-size-md themestek-vc_btn3-shape-rounded themestek-vc_btn3-style-outline themestek-vc_btn3-weight-no themestek-vc_btn3-color-black\" href=\"https:\/\/caritasrwanda.org\/fr\/visa\/projet-igire-gimbuka\/\"><span>Lire la suite<\/span><\/a>\n\t\t\t\t\t<\/div>\n\t\t\t\t<\/div>\n\t\t\t<\/div>\t\t\n\t\t<\/div>\n\t<\/div>\n<\/article><\/div><div class=\"themestek-box-col-wrapper col-lg-4 col-sm-6 col-md-4 col-xs-12 \"><article class=\"themestek-box themestek-box-service themestek-servicebox-style-2\">\n\t<div class=\"themestek-post-item\">\n\t\t\n\t\t<span class=\"themestek-item-thumbnail\">\n\t\t\t<span class=\"themestek-item-thumbnail-inner\">\n\t\t\t\t<img loading=\"lazy\" decoding=\"async\" width=\"800\" height=\"533\" src=\"https:\/\/caritasrwanda.org\/fr\/wp-content\/uploads\/2022\/08\/3-800x533.jpg\" class=\"attachment-themestek-img-800x533 size-themestek-img-800x533 wp-post-image\" alt=\"\" data-id=\"14601\" \/>\n\t\t\t<\/span>\n\t\t<\/span>\t\t<div class=\"themestek-box-content\">\n            <div class=\"themestek-box-content-inner\">\n\t\t\t\t\t<div class=\"ts-ihbox-icon\">\n\t\t\t\t\t\t<i class=\"fa fa-map-marker\"><\/i>\t\t\t\t\t<\/div>\n\t\t\t\t <div class=\"themestek-des\">\n\t\t\t\t\t<h3><a href=\"https:\/\/caritasrwanda.org\/fr\/visa\/pac-project\/\">PAC PROJECT<\/a><\/h3>\n\t\t\t\t\t\t\t\t\t\t<div class=\"themestek-service-content\"><p>Le projet intitul\u00e9 \u201cAtt\u00e9nuer la pauvret\u00e9 des r\u00e9fugi\u00e9s vuln\u00e9rables et des membres de la communaut\u00e9 d&#8217;accueil gr\u00e2ce \u00e0 des moyens de subsistance durables et \u00e0 l&#8217;autonomie en suivant l&#8217;approche de graduation\u201d<\/p>\n<\/div>\n\t\t\t\t\t\t\n\t\t\t\t\t<div class=\"themestek-box-link themestek-vc_btn3\">\n\t\t\t\t\t\t<a class=\"themestek-vc_general themestek-vc_btn3 themestek-vc_btn3-size-md themestek-vc_btn3-shape-rounded themestek-vc_btn3-style-outline themestek-vc_btn3-weight-no themestek-vc_btn3-color-black\" href=\"https:\/\/caritasrwanda.org\/fr\/visa\/pac-project\/\"><span>Lire la suite<\/span><\/a>\n\t\t\t\t\t<\/div>\n\t\t\t\t<\/div>\n\t\t\t<\/div>\t\t\n\t\t<\/div>\n\t<\/div>\n<\/article><\/div>\n\t\t\t<\/div>\n\t\t<\/div><!-- .themestek-boxes-inner -->   <\/div><!-- .themestek-boxes -->  [\/vc_column][\/vc_row]<\/p>\n","protected":false},"excerpt":{"rendered":"<p>[vc_row themestek_bgcolor=&#8221;white&#8221; full_width=&#8221;stretch_row&#8221;][vc_column][\/vc_column][\/vc_row]<\/p>\n","protected":false},"author":1,"featured_media":0,"parent":0,"menu_order":5,"comment_status":"closed","ping_status":"closed","template":"","meta":{"footnotes":""},"class_list":["post-6698","page","type-page","status-publish","hentry"],"_links":{"self":[{"href":"https:\/\/caritasrwanda.org\/fr\/wp-json\/wp\/v2\/pages\/6698","targetHints":{"allow":["GET"]}}],"collection":[{"href":"https:\/\/caritasrwanda.org\/fr\/wp-json\/wp\/v2\/pages"}],"about":[{"href":"https:\/\/caritasrwanda.org\/fr\/wp-json\/wp\/v2\/types\/page"}],"author":[{"embeddable":true,"href":"https:\/\/caritasrwanda.org\/fr\/wp-json\/wp\/v2\/users\/1"}],"replies":[{"embeddable":true,"href":"https:\/\/caritasrwanda.org\/fr\/wp-json\/wp\/v2\/comments?post=6698"}],"version-history":[{"count":3,"href":"https:\/\/caritasrwanda.org\/fr\/wp-json\/wp\/v2\/pages\/6698\/revisions"}],"predecessor-version":[{"id":14276,"href":"https:\/\/caritasrwanda.org\/fr\/wp-json\/wp\/v2\/pages\/6698\/revisions\/14276"}],"wp:attachment":[{"href":"https:\/\/caritasrwanda.org\/fr\/wp-json\/wp\/v2\/media?parent=6698"}],"curies":[{"name":"wp","href":"https:\/\/api.w.org\/{rel}","templated":true}]}}