{"id":14622,"date":"2022-10-10T10:34:33","date_gmt":"2022-10-10T10:34:33","guid":{"rendered":"https:\/\/spiderbit.rw\/workspace\/caritasrwanda\/?page_id=14622"},"modified":"2022-11-21T07:15:02","modified_gmt":"2022-11-21T07:15:02","slug":"temoignages","status":"publish","type":"page","link":"https:\/\/caritasrwanda.org\/fr\/temoignages\/","title":{"rendered":"T\u00e9moignages"},"content":{"rendered":"<p>[vc_row css=&#8221;.vc_custom_1665399631711{padding-top: 35px !important;background-image: url(https:\/\/liviza-demo.pbminfotech.com\/demo1\/wp-content\/uploads\/sites\/2\/2019\/12\/map.png?id=12754) !important;background-position: center !important;background-repeat: no-repeat !important;background-size: contain !important;}&#8221;][vc_column]<div class=\"themestek-boxes themestek-boxes-portfolio themestek-boxes-view-default themestek-boxes-portfolio-style-1 themestek-boxes-col-three themestek-boxes-sortable-no themestek-boxes-textalign-center themestek-boxes-sortablebutton- themestek-heading-position-\" data-themestek-headingpos=\"\" >\n\t\t<div class=\"themestek-boxes-inner themestek-boxes-portfolio-inner \"><div class=\"themestek-box-heading-wrapper themestek-element-align-center\"><div class=\"themestek-element-heading-wrapper themestek-heading-inner themestek-element-align-center themestek-seperator-none \"><section class=\"themestek-vc_cta3-container\"><div class=\"themestek-vc_general themestek-vc_cta3 themestek-cta3-only themestek-vc_cta3-style-classic themestek-vc_cta3-shape-rounded themestek-vc_cta3-align-center themestek-vc_cta3-color-transparent themestek-vc_cta3-icon-size-md themestek-vc_cta3-actions-no themestek-cta3-without-desc\"><div class=\"themestek-vc_cta3_content-container\"><div class=\"themestek-vc_cta3-content\"><div class=\"themestek-vc_cta3-content-header themestek-wrap\"><div class=\"themestek-vc_cta3-headers themestek-wrap-cell\"><h2 class=\"themestek-custom-heading \" ><em>T\u00e9moignages<\/em><\/h2>\n<\/div><\/div><\/div><\/div><\/div><\/section><\/div> <!-- .themestek-element-heading-wrapper container --> <\/div> <!-- .themestek-element-heading-wrapper container --> \n\t\t\t\n\t\t\t<div class=\"row multi-columns-row themestek-boxes-row-wrapper\">\n\t\t\t\t<div class=\"themestek-box-col-wrapper col-lg-4 col-sm-6 col-md-4 col-xs-12 testimonials\"><article class=\"themestek-box themestek-box-portfolio themestek-portfoliobox-style-1\">\n\t<div class=\"themestek-post-item\">\n\t\t<div class=\"themestek-featured-wrapper themestek-themestek-portfolio-featured-wrapper\"><img loading=\"lazy\" decoding=\"async\" width=\"800\" height=\"650\" src=\"https:\/\/caritasrwanda.org\/fr\/wp-content\/uploads\/2025\/06\/162A1384-800x650.jpg\" class=\"attachment-themestek-img-800x650 size-themestek-img-800x650 wp-post-image\" alt=\"\" \/><\/div>\t\t<div class=\"themestek-box-content\">\n            <div class=\"themestek-box-content-inner\">\t\t\t  \n\t\t\t\t<div class=\"themestek-pf-box-title\">\n\t\t\t\t\t<h3><a href=\"https:\/\/caritasrwanda.org\/fr\/country\/les-groupes-depargne-ameliorent-la-qualite-de-nutrition-dans-les-ecd-temoignage-du-groupe-ubumwe\/\">Les groupes d\u2019\u00e9pargne am\u00e9liorent la qualit\u00e9 de nutrition dans les ECD<\/a><\/h3>\n\t\t\t\t<\/div>\n\t\t\t\t<div class=\"themestek-des\">\n\t\t\t\t\t\t\t\t\t\t\t\t<div class=\"themestek-portfolio-content\"><p>Suite \u00e0 une formation sur la m\u00e9thodologie du groupe d\u2019\u00e9pargne, facilit\u00e9e par le projet ECD financ\u00e9 par Plan International Rwanda, 30 parents d\u2019enfants fr\u00e9quentant la maison de d\u00e9veloppement de la petite enfance \u201cTuganire\u201d ont form\u00e9 le groupe SILC Ubumwe et ont investi dans l\u2019aviculture pour nourrir leurs enfants avec des repas nutritifs et se d\u00e9velopper \u00e9conomiquement.<\/p>\n<\/div>\n\t\t\t\t\t\t\t\t\t\t\t\t<div class=\"themestek-box-link themestek-vc_btn3\">\n\t\t\t\t\t\t\t<a href=\"https:\/\/caritasrwanda.org\/fr\/country\/les-groupes-depargne-ameliorent-la-qualite-de-nutrition-dans-les-ecd-temoignage-du-groupe-ubumwe\/\">Lire la Suite<\/a>\n\t\t\t\t\t\t<\/div>\n\t\t\t\t  <\/div>\n\t\t\t<\/div>\t\t\n\t\t<\/div>\n\t<\/div>\n<\/article>\n\n<\/div><div class=\"themestek-box-col-wrapper col-lg-4 col-sm-6 col-md-4 col-xs-12 testimonials\"><article class=\"themestek-box themestek-box-portfolio themestek-portfoliobox-style-1\">\n\t<div class=\"themestek-post-item\">\n\t\t<div class=\"themestek-featured-wrapper themestek-themestek-portfolio-featured-wrapper\"><img loading=\"lazy\" decoding=\"async\" width=\"800\" height=\"650\" src=\"https:\/\/caritasrwanda.org\/fr\/wp-content\/uploads\/2025\/02\/162A7578-800x650.jpg\" class=\"attachment-themestek-img-800x650 size-themestek-img-800x650 wp-post-image\" alt=\"\" \/><\/div>\t\t<div class=\"themestek-box-content\">\n            <div class=\"themestek-box-content-inner\">\t\t\t  \n\t\t\t\t<div class=\"themestek-pf-box-title\">\n\t\t\t\t\t<h3><a href=\"https:\/\/caritasrwanda.org\/fr\/country\/de-lagriculture-pour-vivre-a-lachat-potentiel-dagriculteurs\/\">De l&#8217;agriculture pour vivre \u00e0 l&#8217;achat potentiel d&#8217;agriculteurs<\/a><\/h3>\n\t\t\t\t<\/div>\n\t\t\t\t<div class=\"themestek-des\">\n\t\t\t\t\t\t\t\t\t\t\t\t<div class=\"themestek-portfolio-content\"><p>Mukashema Patricie est une m\u00e8re c\u00e9libataire du district de Rusizi, dont la vie a chang\u00e9 gr\u00e2ce aux pr\u00eats internes de<br \/>\nEthan Jean Bosco, est un jeune r\u00e9fugi\u00e9 burundais vivant dans le camp de r\u00e9fugi\u00e9s de Mahama. Il vends des fruits, <\/p>\n<\/div>\n\t\t\t\t\t\t\t\t\t\t\t\t<div class=\"themestek-box-link themestek-vc_btn3\">\n\t\t\t\t\t\t\t<a href=\"https:\/\/caritasrwanda.org\/fr\/country\/de-lagriculture-pour-vivre-a-lachat-potentiel-dagriculteurs\/\">Lire la Suite<\/a>\n\t\t\t\t\t\t<\/div>\n\t\t\t\t  <\/div>\n\t\t\t<\/div>\t\t\n\t\t<\/div>\n\t<\/div>\n<\/article>\n\n<\/div><div class=\"themestek-box-col-wrapper col-lg-4 col-sm-6 col-md-4 col-xs-12 testimonials\"><article class=\"themestek-box themestek-box-portfolio themestek-portfoliobox-style-1\">\n\t<div class=\"themestek-post-item\">\n\t\t<div class=\"themestek-featured-wrapper themestek-themestek-portfolio-featured-wrapper\"><img loading=\"lazy\" decoding=\"async\" width=\"800\" height=\"650\" src=\"https:\/\/caritasrwanda.org\/fr\/wp-content\/uploads\/2025\/02\/162A9664-A-800x650.jpg\" class=\"attachment-themestek-img-800x650 size-themestek-img-800x650 wp-post-image\" alt=\"\" \/><\/div>\t\t<div class=\"themestek-box-content\">\n            <div class=\"themestek-box-content-inner\">\t\t\t  \n\t\t\t\t<div class=\"themestek-pf-box-title\">\n\t\t\t\t\t<h3><a href=\"https:\/\/caritasrwanda.org\/fr\/country\/sa-vie-a-ete-transformee-grace-au-pret-interne-du-groupe-silc\/\">Sa vie a \u00e9t\u00e9 transform\u00e9e gr\u00e2ce au pr\u00eat interne du groupe SILC<\/a><\/h3>\n\t\t\t\t<\/div>\n\t\t\t\t<div class=\"themestek-des\">\n\t\t\t\t\t\t\t\t\t\t\t\t<div class=\"themestek-portfolio-content\"><p>Mukashema Patricie est une m\u00e8re c\u00e9libataire du district de Rusizi, dont la vie a chang\u00e9 gr\u00e2ce aux pr\u00eats internes de <\/p>\n<\/div>\n\t\t\t\t\t\t\t\t\t\t\t\t<div class=\"themestek-box-link themestek-vc_btn3\">\n\t\t\t\t\t\t\t<a href=\"https:\/\/caritasrwanda.org\/fr\/country\/sa-vie-a-ete-transformee-grace-au-pret-interne-du-groupe-silc\/\">Lire la Suite<\/a>\n\t\t\t\t\t\t<\/div>\n\t\t\t\t  <\/div>\n\t\t\t<\/div>\t\t\n\t\t<\/div>\n\t<\/div>\n<\/article>\n\n<\/div><div class=\"themestek-box-col-wrapper col-lg-4 col-sm-6 col-md-4 col-xs-12 testimonials\"><article class=\"themestek-box themestek-box-portfolio themestek-portfoliobox-style-1\">\n\t<div class=\"themestek-post-item\">\n\t\t<div class=\"themestek-featured-wrapper themestek-themestek-portfolio-featured-wrapper\"><img loading=\"lazy\" decoding=\"async\" width=\"800\" height=\"650\" src=\"https:\/\/caritasrwanda.org\/fr\/wp-content\/uploads\/2025\/02\/162A4488-800x650.jpg\" class=\"attachment-themestek-img-800x650 size-themestek-img-800x650 wp-post-image\" alt=\"\" \/><\/div>\t\t<div class=\"themestek-box-content\">\n            <div class=\"themestek-box-content-inner\">\t\t\t  \n\t\t\t\t<div class=\"themestek-pf-box-title\">\n\t\t\t\t\t<h3><a href=\"https:\/\/caritasrwanda.org\/fr\/country\/la-formation-agricole-que-jai-beneficee-est-la-principale-source-de-ma-reussite-innocent-musoni\/\">\u201cLa formation agricole que j&#8217;ai b\u00e9n\u00e9fic\u00e9e est la principale source de ma r\u00e9ussite\u201d &#8211; Innocent Musoni<\/a><\/h3>\n\t\t\t\t<\/div>\n\t\t\t\t<div class=\"themestek-des\">\n\t\t\t\t\t\t\t\t\t\t\t\t<div class=\"themestek-portfolio-content\"><p>Innocent Musoni, membre de la communaut\u00e9 d&#8217;accueil du camp de r\u00e9fugi\u00e9s de Mahama, raconte comment les bonnes pratiques agricoles <\/p>\n<\/div>\n\t\t\t\t\t\t\t\t\t\t\t\t<div class=\"themestek-box-link themestek-vc_btn3\">\n\t\t\t\t\t\t\t<a href=\"https:\/\/caritasrwanda.org\/fr\/country\/la-formation-agricole-que-jai-beneficee-est-la-principale-source-de-ma-reussite-innocent-musoni\/\">Lire la Suite<\/a>\n\t\t\t\t\t\t<\/div>\n\t\t\t\t  <\/div>\n\t\t\t<\/div>\t\t\n\t\t<\/div>\n\t<\/div>\n<\/article>\n\n<\/div><div class=\"themestek-box-col-wrapper col-lg-4 col-sm-6 col-md-4 col-xs-12 testimonials\"><article class=\"themestek-box themestek-box-portfolio themestek-portfoliobox-style-1\">\n\t<div class=\"themestek-post-item\">\n\t\t<div class=\"themestek-featured-wrapper themestek-themestek-portfolio-featured-wrapper\"><img loading=\"lazy\" decoding=\"async\" width=\"800\" height=\"650\" src=\"https:\/\/caritasrwanda.org\/fr\/wp-content\/uploads\/2025\/02\/162A7181-800x650.jpg\" class=\"attachment-themestek-img-800x650 size-themestek-img-800x650 wp-post-image\" alt=\"\" \/><\/div>\t\t<div class=\"themestek-box-content\">\n            <div class=\"themestek-box-content-inner\">\t\t\t  \n\t\t\t\t<div class=\"themestek-pf-box-title\">\n\t\t\t\t\t<h3><a href=\"https:\/\/caritasrwanda.org\/fr\/country\/la-couture-a-petite-echelle-en-transition-vers-une-activite-transfrontaliere\/\">La couture \u00e0 petite \u00e9chelle en transition vers une activit\u00e9 transfrontali\u00e8re<\/a><\/h3>\n\t\t\t\t<\/div>\n\t\t\t\t<div class=\"themestek-des\">\n\t\t\t\t\t\t\t\t\t\t\t\t<div class=\"themestek-portfolio-content\"><p>Chantal Nyiramahirwe, une Congolaise du camp de r\u00e9fugi\u00e9s de Kiziba, est une m\u00e8re de quatre enfants qui a fait des \u00e9tudes primaires. <\/p>\n<\/div>\n\t\t\t\t\t\t\t\t\t\t\t\t<div class=\"themestek-box-link themestek-vc_btn3\">\n\t\t\t\t\t\t\t<a href=\"https:\/\/caritasrwanda.org\/fr\/country\/la-couture-a-petite-echelle-en-transition-vers-une-activite-transfrontaliere\/\">Lire la Suite<\/a>\n\t\t\t\t\t\t<\/div>\n\t\t\t\t  <\/div>\n\t\t\t<\/div>\t\t\n\t\t<\/div>\n\t<\/div>\n<\/article>\n\n<\/div><div class=\"themestek-box-col-wrapper col-lg-4 col-sm-6 col-md-4 col-xs-12 testimonials\"><article class=\"themestek-box themestek-box-portfolio themestek-portfoliobox-style-1\">\n\t<div class=\"themestek-post-item\">\n\t\t<div class=\"themestek-featured-wrapper themestek-themestek-portfolio-featured-wrapper\"><img loading=\"lazy\" decoding=\"async\" width=\"800\" height=\"650\" src=\"https:\/\/caritasrwanda.org\/fr\/wp-content\/uploads\/2019\/03\/Diane-Bukebuke-3-800x650.jpg\" class=\"attachment-themestek-img-800x650 size-themestek-img-800x650 wp-post-image\" alt=\"\" \/><\/div>\t\t<div class=\"themestek-box-content\">\n            <div class=\"themestek-box-content-inner\">\t\t\t  \n\t\t\t\t<div class=\"themestek-pf-box-title\">\n\t\t\t\t\t<h3><a href=\"https:\/\/caritasrwanda.org\/fr\/country\/diane-gasabo\/\">Diane Gasabo<\/a><\/h3>\n\t\t\t\t<\/div>\n\t\t\t\t<div class=\"themestek-des\">\n\t\t\t\t\t\t\t\t\t\t\t\t<div class=\"themestek-portfolio-content\"><p>Les b\u00e9n\u00e9ficiaires du projet pilote de Graduation, financ\u00e9 par le HCR et impl\u00e9ment\u00e9 par Caritas Rwanda<\/p>\n<\/div>\n\t\t\t\t\t\t\t\t\t\t\t\t<div class=\"themestek-box-link themestek-vc_btn3\">\n\t\t\t\t\t\t\t<a href=\"https:\/\/caritasrwanda.org\/fr\/country\/diane-gasabo\/\">Lire la Suite<\/a>\n\t\t\t\t\t\t<\/div>\n\t\t\t\t  <\/div>\n\t\t\t<\/div>\t\t\n\t\t<\/div>\n\t<\/div>\n<\/article>\n\n<\/div><div class=\"themestek-box-col-wrapper col-lg-4 col-sm-6 col-md-4 col-xs-12 testimonials\"><article class=\"themestek-box themestek-box-portfolio themestek-portfoliobox-style-1\">\n\t<div class=\"themestek-post-item\">\n\t\t<div class=\"themestek-featured-wrapper themestek-themestek-portfolio-featured-wrapper\"><img loading=\"lazy\" decoding=\"async\" width=\"800\" height=\"650\" src=\"https:\/\/caritasrwanda.org\/fr\/wp-content\/uploads\/2019\/03\/Olivier-Rubavu-800x650.jpg\" class=\"attachment-themestek-img-800x650 size-themestek-img-800x650 wp-post-image\" alt=\"\" \/><\/div>\t\t<div class=\"themestek-box-content\">\n            <div class=\"themestek-box-content-inner\">\t\t\t  \n\t\t\t\t<div class=\"themestek-pf-box-title\">\n\t\t\t\t\t<h3><a href=\"https:\/\/caritasrwanda.org\/fr\/country\/olivier-rubavu\/\">Olivier \/ Rubavu<\/a><\/h3>\n\t\t\t\t<\/div>\n\t\t\t\t<div class=\"themestek-des\">\n\t\t\t\t\t\t\t\t\t\t\t\t<div class=\"themestek-portfolio-content\"><p>Uwimanikunda Olivier, 17 ans, est un passionn\u00e9 de la soudure. Il a abandonn\u00e9 l&#8217;\u00e9cole tr\u00e8s jeune en<\/p>\n<\/div>\n\t\t\t\t\t\t\t\t\t\t\t\t<div class=\"themestek-box-link themestek-vc_btn3\">\n\t\t\t\t\t\t\t<a href=\"https:\/\/caritasrwanda.org\/fr\/country\/olivier-rubavu\/\">Lire la Suite<\/a>\n\t\t\t\t\t\t<\/div>\n\t\t\t\t  <\/div>\n\t\t\t<\/div>\t\t\n\t\t<\/div>\n\t<\/div>\n<\/article>\n\n<\/div><div class=\"themestek-box-col-wrapper col-lg-4 col-sm-6 col-md-4 col-xs-12 testimonials\"><article class=\"themestek-box themestek-box-portfolio themestek-portfoliobox-style-1\">\n\t<div class=\"themestek-post-item\">\n\t\t<div class=\"themestek-featured-wrapper themestek-themestek-portfolio-featured-wrapper\"><img loading=\"lazy\" decoding=\"async\" width=\"800\" height=\"650\" src=\"https:\/\/caritasrwanda.org\/fr\/wp-content\/uploads\/2018\/12\/Noella-Rubavu-800x650.jpg\" class=\"attachment-themestek-img-800x650 size-themestek-img-800x650 wp-post-image\" alt=\"\" \/><\/div>\t\t<div class=\"themestek-box-content\">\n            <div class=\"themestek-box-content-inner\">\t\t\t  \n\t\t\t\t<div class=\"themestek-pf-box-title\">\n\t\t\t\t\t<h3><a href=\"https:\/\/caritasrwanda.org\/fr\/country\/noella-rubavu\/\">Noella \/ Rubavu<\/a><\/h3>\n\t\t\t\t<\/div>\n\t\t\t\t<div class=\"themestek-des\">\n\t\t\t\t\t\t\t\t\t\t\t\t<div class=\"themestek-portfolio-content\"><p>Mon r\u00eave est de devenir Cheffe de cuisine dans un h\u00f4tel de classe mondiale. Le programme Gimbuka m&#8217;a aid\u00e9 \u00e0 y parvenir.<\/p>\n<\/div>\n\t\t\t\t\t\t\t\t\t\t\t\t<div class=\"themestek-box-link themestek-vc_btn3\">\n\t\t\t\t\t\t\t<a href=\"https:\/\/caritasrwanda.org\/fr\/country\/noella-rubavu\/\">Lire la Suite<\/a>\n\t\t\t\t\t\t<\/div>\n\t\t\t\t  <\/div>\n\t\t\t<\/div>\t\t\n\t\t<\/div>\n\t<\/div>\n<\/article>\n\n<\/div><div class=\"themestek-box-col-wrapper col-lg-4 col-sm-6 col-md-4 col-xs-12 testimonials\"><article class=\"themestek-box themestek-box-portfolio themestek-portfoliobox-style-1\">\n\t<div class=\"themestek-post-item\">\n\t\t<div class=\"themestek-featured-wrapper themestek-themestek-portfolio-featured-wrapper\"><img loading=\"lazy\" decoding=\"async\" width=\"800\" height=\"650\" src=\"https:\/\/caritasrwanda.org\/fr\/wp-content\/uploads\/2018\/12\/162A0987-800x650.jpg\" class=\"attachment-themestek-img-800x650 size-themestek-img-800x650 wp-post-image\" alt=\"\" \/><\/div>\t\t<div class=\"themestek-box-content\">\n            <div class=\"themestek-box-content-inner\">\t\t\t  \n\t\t\t\t<div class=\"themestek-pf-box-title\">\n\t\t\t\t\t<h3><a href=\"https:\/\/caritasrwanda.org\/fr\/country\/dusabimana-rutsiro\/\">Eug\u00e9nie \/  Rutsiro<\/a><\/h3>\n\t\t\t\t<\/div>\n\t\t\t\t<div class=\"themestek-des\">\n\t\t\t\t\t\t\t\t\t\t\t\t<div class=\"themestek-portfolio-content\"><p>After dropping out of school, I lost hope for a better future.\u00a0 Gimbuka ProApr\u00e8s avoir abandonn\u00e9 l&#8217;\u00e9cole, j&#8217;ai perdu l&#8217;espoir d&#8217;un avenir meilleur. Le Programme Gimbuka me l&#8217;a rendu.gram gave it back to me.<\/p>\n<\/div>\n\t\t\t\t\t\t\t\t\t\t\t\t<div class=\"themestek-box-link themestek-vc_btn3\">\n\t\t\t\t\t\t\t<a href=\"https:\/\/caritasrwanda.org\/fr\/country\/dusabimana-rutsiro\/\">Lire la Suite<\/a>\n\t\t\t\t\t\t<\/div>\n\t\t\t\t  <\/div>\n\t\t\t<\/div>\t\t\n\t\t<\/div>\n\t<\/div>\n<\/article>\n\n<\/div><div class=\"themestek-box-col-wrapper col-lg-4 col-sm-6 col-md-4 col-xs-12 testimonials\"><article class=\"themestek-box themestek-box-portfolio themestek-portfoliobox-style-1\">\n\t<div class=\"themestek-post-item\">\n\t\t<div class=\"themestek-featured-wrapper themestek-themestek-portfolio-featured-wrapper\"><img loading=\"lazy\" decoding=\"async\" width=\"800\" height=\"650\" src=\"https:\/\/caritasrwanda.org\/fr\/wp-content\/uploads\/2018\/12\/162A3614-A-800x650.jpg\" class=\"attachment-themestek-img-800x650 size-themestek-img-800x650 wp-post-image\" alt=\"\" \/><\/div>\t\t<div class=\"themestek-box-content\">\n            <div class=\"themestek-box-content-inner\">\t\t\t  \n\t\t\t\t<div class=\"themestek-pf-box-title\">\n\t\t\t\t\t<h3><a href=\"https:\/\/caritasrwanda.org\/fr\/country\/refugee-camps\/\">R\u00e9union trimestrielle du Projet Caritas Graduation<\/a><\/h3>\n\t\t\t\t<\/div>\n\t\t\t\t<div class=\"themestek-des\">\n\t\t\t\t\t\t\t\t\t\t\t\t<div class=\"themestek-portfolio-content\"><p>the project intended also to monitor the businesses of 835 beneficiaries who were identified and served in 2020. Moreover, the project intended to boost their dignity and free them from dependency and humanitarian assistance.<\/p>\n<\/div>\n\t\t\t\t\t\t\t\t\t\t\t\t<div class=\"themestek-box-link themestek-vc_btn3\">\n\t\t\t\t\t\t\t<a href=\"https:\/\/caritasrwanda.org\/fr\/country\/refugee-camps\/\">Lire la Suite<\/a>\n\t\t\t\t\t\t<\/div>\n\t\t\t\t  <\/div>\n\t\t\t<\/div>\t\t\n\t\t<\/div>\n\t<\/div>\n<\/article>\n\n<\/div><div class=\"themestek-box-col-wrapper col-lg-4 col-sm-6 col-md-4 col-xs-12 testimonials\"><article class=\"themestek-box themestek-box-portfolio themestek-portfoliobox-style-1\">\n\t<div class=\"themestek-post-item\">\n\t\t<div class=\"themestek-featured-wrapper themestek-themestek-portfolio-featured-wrapper\"><img loading=\"lazy\" decoding=\"async\" width=\"800\" height=\"650\" src=\"https:\/\/caritasrwanda.org\/fr\/wp-content\/uploads\/2022\/09\/52157513269_bb8070c714_o-800x650.jpg\" class=\"attachment-themestek-img-800x650 size-themestek-img-800x650 wp-post-image\" alt=\"\" \/><\/div>\t\t<div class=\"themestek-box-content\">\n            <div class=\"themestek-box-content-inner\">\t\t\t  \n\t\t\t\t<div class=\"themestek-pf-box-title\">\n\t\t\t\t\t<h3><a href=\"https:\/\/caritasrwanda.org\/fr\/country\/world-day-of-the-african-child-in-different-districts\/\">World\u00a0 Day of the African Child in different districts<\/a><\/h3>\n\t\t\t\t<\/div>\n\t\t\t\t<div class=\"themestek-des\">\n\t\t\t\t\t\t\t\t\t\t\t\t<div class=\"themestek-portfolio-content\"><p>Caritas Rwanda through USAID Gimbuka Program awards 165 young beneficiaries during the World Day of the African Child<\/p>\n<\/div>\n\t\t\t\t\t\t\t\t\t\t\t\t<div class=\"themestek-box-link themestek-vc_btn3\">\n\t\t\t\t\t\t\t<a href=\"https:\/\/caritasrwanda.org\/fr\/country\/world-day-of-the-african-child-in-different-districts\/\">Lire la Suite<\/a>\n\t\t\t\t\t\t<\/div>\n\t\t\t\t  <\/div>\n\t\t\t<\/div>\t\t\n\t\t<\/div>\n\t<\/div>\n<\/article>\n\n<\/div>\n\t\t\t<\/div>\n\t\t<\/div><!-- .themestek-boxes-inner -->   <\/div><!-- .themestek-boxes -->  [\/vc_column][\/vc_row]<\/p>\n","protected":false},"excerpt":{"rendered":"<p>[vc_row css=&#8221;.vc_custom_1665399631711{padding-top: 35px !important;background-image: url(https:\/\/liviza-demo.pbminfotech.com\/demo1\/wp-content\/uploads\/sites\/2\/2019\/12\/map.png?id=12754) !important;background-position: center !important;background-repeat: no-repeat !important;background-size: contain !important;}&#8221;][vc_column][\/vc_column][\/vc_row]<\/p>\n","protected":false},"author":1,"featured_media":0,"parent":0,"menu_order":1,"comment_status":"closed","ping_status":"closed","template":"","meta":{"footnotes":""},"class_list":["post-14622","page","type-page","status-publish","hentry"],"_links":{"self":[{"href":"https:\/\/caritasrwanda.org\/fr\/wp-json\/wp\/v2\/pages\/14622","targetHints":{"allow":["GET"]}}],"collection":[{"href":"https:\/\/caritasrwanda.org\/fr\/wp-json\/wp\/v2\/pages"}],"about":[{"href":"https:\/\/caritasrwanda.org\/fr\/wp-json\/wp\/v2\/types\/page"}],"author":[{"embeddable":true,"href":"https:\/\/caritasrwanda.org\/fr\/wp-json\/wp\/v2\/users\/1"}],"replies":[{"embeddable":true,"href":"https:\/\/caritasrwanda.org\/fr\/wp-json\/wp\/v2\/comments?post=14622"}],"version-history":[{"count":8,"href":"https:\/\/caritasrwanda.org\/fr\/wp-json\/wp\/v2\/pages\/14622\/revisions"}],"predecessor-version":[{"id":14694,"href":"https:\/\/caritasrwanda.org\/fr\/wp-json\/wp\/v2\/pages\/14622\/revisions\/14694"}],"wp:attachment":[{"href":"https:\/\/caritasrwanda.org\/fr\/wp-json\/wp\/v2\/media?parent=14622"}],"curies":[{"name":"wp","href":"https:\/\/api.w.org\/{rel}","templated":true}]}}