{"id":13474,"date":"2020-01-11T05:52:21","date_gmt":"2020-01-11T05:52:21","guid":{"rendered":"https:\/\/liviza-demo.pbminfotech.com\/demo1\/?page_id=13474"},"modified":"2025-09-30T07:00:31","modified_gmt":"2025-09-30T07:00:31","slug":"qui-nous-sommes","status":"publish","type":"page","link":"https:\/\/caritasrwanda.org\/fr\/qui-nous-sommes\/","title":{"rendered":"QUI NOUS SOMMES"},"content":{"rendered":"<p>[vc_row][vc_column][vc_row_inner][vc_column_inner width=&#8221;1\/2&#8243;]<div class=\"themestek-single-image-wrapper themestek_align_left about-img-1 vc_custom_1662385831671\"><div class=\"themestek-single-image-img-w\"><img decoding=\"async\" src=\"https:\/\/spiderbit.rw\/workspace\/caritasrwanda\/wp-content\/uploads\/2022\/08\/aboutus-z2v1qn.png\" class=\"themestek-single-image-img\" alt=\"\" \/><\/div><\/div>[\/vc_column_inner][vc_column_inner width=&#8221;1\/2&#8243;]<p style=\"text-align:left;\" class=\"themestek-custom-heading \" >La Caritas Rwanda a \u00e9t\u00e9 cr\u00e9\u00e9e en 1959. Contenu par les \u00c9v\u00eaques Catholiques du Rwanda. Elle a \u00e9t\u00e9 officiellement reconnue comme une organisation sans but lucratif par l\u2019arr\u00eat\u00e9 minist\u00e9riel n\u00b0 499\/08 en 1962, et est devenue une Organisation non gouvernementale conform\u00e9ment \u00e0 la loi no 06\/2012 du 17\/02\/2012 d\u00e9terminant la gestion et la gouvernance des institutions bas\u00e9es sur les religions au Rwanda.<\/p>\n[vc_custom_heading text=&#8221;Depuis 1965, Caritas Rwanda a \u00e9t\u00e9 int\u00e9gr\u00e9e dans une organisation \u00e9tendue, Caritas Internationalis, qui est une conf\u00e9d\u00e9ration internationale de toutes les Caritas du monde.  Actuellement, la Caritas Rwanda \u0153uvre dans tout le pays \u00e0 travers les Caritas dioc\u00e9saines, Caritas paroissiales, Caritas des Centrales et les Caritas des Communaut\u00e9s Eccl\u00e9siales de Base.&#8221; font_container=&#8221;tag:p|text_align:left&#8221; use_theme_fonts=&#8221;yes&#8221;][\/vc_column_inner][\/vc_row_inner][\/vc_column][\/vc_row][vc_row css=&#8221;.vc_custom_1661343046358{margin-top: -80px !important;padding-top: -80px !important;}&#8221;][vc_column][vc_row_inner themestek_bgcolor=&#8221;darkgrey&#8221; themestek_shadow=&#8221;yes&#8221; gap=&#8221;0px&#8221; css=&#8221;.vc_custom_1662201433695{padding-top: 30px !important;padding-right: 30px !important;padding-bottom: 30px !important;padding-left: 30px !important;background-color: #131516 !important;border-radius: 10px !important;}&#8221;][vc_column_inner width=&#8221;1\/2&#8243;][vc_custom_heading text=&#8221;Notre Vision&#8221; font_container=&#8221;tag:h3|text_align:left&#8221; use_theme_fonts=&#8221;yes&#8221;]<p style=\"text-align:left;color:#9faebe;\" class=\"themestek-custom-heading \" >Promouvoir la dignit\u00e9 humaine \u00e0 tout l\u2019homme et tout homme.<\/p>\n[\/vc_column_inner][vc_column_inner width=&#8221;1\/2&#8243;][vc_custom_heading text=&#8221;Notre Mission&#8221; font_container=&#8221;tag:h3|text_align:left&#8221; use_theme_fonts=&#8221;yes&#8221;]<p style=\"text-align:left;color:#9faebe;\" class=\"themestek-custom-heading \" >Aider les personnes dans le besoin en promouvant leur d\u00e9veloppement humain int\u00e9gral, en s\u2019inspirant de la charit\u00e9 \u00e9vang\u00e9lique.<\/p>\n[\/vc_column_inner][\/vc_row_inner][\/vc_column][\/vc_row][vc_row disable_element=&#8221;yes&#8221; css=&#8221;.vc_custom_1661759456002{margin-top: -80px !important;padding-top: -80px !important;}&#8221;][vc_column][vc_row_inner][vc_column_inner width=&#8221;1\/2&#8243;]<div class=\"themestek-single-image-wrapper themestek_align_left \"><div class=\"themestek-single-image-img-w\"><img decoding=\"async\" src=\"https:\/\/spiderbit.rw\/workspace\/caritasrwanda\/wp-content\/uploads\/2022\/08\/values-t6fws4.png\" class=\"themestek-single-image-img\" alt=\"\" \/><\/div><\/div>[\/vc_column_inner][vc_column_inner width=&#8221;1\/2&#8243;][vc_empty_space][vc_empty_space]<p style=\"text-align:left;\" class=\"themestek-custom-heading \" >To provide a particular care to the vulnerable without any discrimination;<br \/>\nTo achieve an integral human being ;<br \/>\nTo support beneficiaries \u2018contribution ;<br \/>\nTo promote partnership;<br \/>\nTo ensure quality service;<br \/>\nTo promote sustainable activities.<\/p>\n[\/vc_column_inner][\/vc_row_inner][\/vc_column][\/vc_row]<\/p>\n","protected":false},"excerpt":{"rendered":"<p>[vc_row][vc_column][vc_row_inner][vc_column_inner width=&#8221;1\/2&#8243;][\/vc_column_inner][vc_column_inner width=&#8221;1\/2&#8243;][vc_custom_heading text=&#8221;Depuis 1965, Caritas Rwanda a \u00e9t\u00e9 int\u00e9gr\u00e9e dans une organisation \u00e9tendue, Caritas Internationalis, qui est une conf\u00e9d\u00e9ration internationale de toutes les Caritas du monde. Actuellement, la Caritas Rwanda \u0153uvre dans tout le pays \u00e0 travers les Caritas dioc\u00e9saines, Caritas paroissiales, Caritas des Centrales et les Caritas des Communaut\u00e9s Eccl\u00e9siales de Base.&#8221; font_container=&#8221;tag:p|text_align:left&#8221; &hellip; <a href=\"https:\/\/caritasrwanda.org\/fr\/qui-nous-sommes\/\" class=\"more-link\">Continue reading <span class=\"screen-reader-text\">QUI NOUS SOMMES<\/span><\/a><\/p>\n","protected":false},"author":1,"featured_media":0,"parent":0,"menu_order":4,"comment_status":"closed","ping_status":"closed","template":"","meta":{"footnotes":""},"class_list":["post-13474","page","type-page","status-publish","hentry"],"_links":{"self":[{"href":"https:\/\/caritasrwanda.org\/fr\/wp-json\/wp\/v2\/pages\/13474","targetHints":{"allow":["GET"]}}],"collection":[{"href":"https:\/\/caritasrwanda.org\/fr\/wp-json\/wp\/v2\/pages"}],"about":[{"href":"https:\/\/caritasrwanda.org\/fr\/wp-json\/wp\/v2\/types\/page"}],"author":[{"embeddable":true,"href":"https:\/\/caritasrwanda.org\/fr\/wp-json\/wp\/v2\/users\/1"}],"replies":[{"embeddable":true,"href":"https:\/\/caritasrwanda.org\/fr\/wp-json\/wp\/v2\/comments?post=13474"}],"version-history":[{"count":30,"href":"https:\/\/caritasrwanda.org\/fr\/wp-json\/wp\/v2\/pages\/13474\/revisions"}],"predecessor-version":[{"id":15534,"href":"https:\/\/caritasrwanda.org\/fr\/wp-json\/wp\/v2\/pages\/13474\/revisions\/15534"}],"wp:attachment":[{"href":"https:\/\/caritasrwanda.org\/fr\/wp-json\/wp\/v2\/media?parent=13474"}],"curies":[{"name":"wp","href":"https:\/\/api.w.org\/{rel}","templated":true}]}}